{"id":235,"date":"2017-12-23T09:04:47","date_gmt":"2017-12-23T09:04:47","guid":{"rendered":"http:\/\/gewerbeverein-friesenheim.de\/?page_id=235"},"modified":"2026-03-13T13:52:07","modified_gmt":"2026-03-13T13:52:07","slug":"mitglieder","status":"publish","type":"page","link":"https:\/\/gewerbeverein-friesenheim.de\/?page_id=235","title":{"rendered":"Mitglieder"},"content":{"rendered":"\n<h3 class=\"wp-block-heading\">Alphabetisch nach Firma<\/h3>\n\n\n\n<h2 class=\"wp-block-heading\">&nbsp;<\/h2>\n\n\n\n<h2 class=\"wp-block-heading\">A<\/h2>\n\n\n\n<p><a href=\"https:\/\/afhaus.de\/\" target=\"_blank\" rel=\"noreferrer noopener\"> A + F Haus Baubetreuungs GmbH<\/a><\/p>\n\n\n\n<p><\/p>\n\n\n\n<p><a href=\"http:\/\/www.mazda-autohaus-ivancan-ludwigshafen.de\" target=\"_blank\" rel=\"noopener noreferrer\">Autohaus Ivancan GmbH<\/a><\/p>\n\n\n\n<p><a href=\"http:\/\/peugeot-autohaus-koch-ludwigshafen.de\/\" target=\"_blank\" rel=\"noopener noreferrer\"> <\/a><a href=\"https:\/\/haendler.peugeot.de\/koch-ludwigshafen\/?utm_source=google&amp;utm_medium=search&amp;utm_campaign=wkz-b2c_381605&amp;mcp_id=27676-101MM_381605&amp;m_campaign=wkz-b2c&amp;mm=ct&amp;c=wkz&amp;gad_source=1&amp;gad_campaignid=22164377014&amp;gbraid=0AAAAADNrjnvtynJNhWOL8z2Yx6X_GzrIU&amp;gclid=CjwKCAjwgeLHBhBuEiwAL5gNESLItw6ZXno_5pYnO7hM_-9LDkQ_KNgqlQhw8mWXCjO0ngwJawwWVxoCe5oQAvD_BwE&amp;location=Ludwigshafen%7C0\" target=\"_blank\" rel=\"noreferrer noopener\">Autohaus Koch GmbH<\/a><\/p>\n\n\n\n<p><\/p>\n\n\n\n<p><a href=\"https:\/\/haendler.peugeot.de\/koch-ludwigshafen\/?utm_source=google&amp;utm_medium=search&amp;utm_campaign=wkz-b2c_381605&amp;mcp_id=27676-101MM_381605&amp;m_campaign=wkz-b2c&amp;mm=ct&amp;c=wkz&amp;gad_source=1&amp;gad_campaignid=22164377014&amp;gbraid=0AAAAADNrjnvtynJNhWOL8z2Yx6X_GzrIU&amp;gclid=CjwKCAjwgeLHBhBuEiwAL5gNESLItw6ZXno_5pYnO7hM_-9LDkQ_KNgqlQhw8mWXCjO0ngwJawwWVxoCe5oQAvD_BwE&amp;location=Ludwigshafen%7C0\" target=\"_blank\" rel=\"noreferrer noopener\">Autohaus Koch GmbH<\/a><\/p>\n\n\n\n<h2 class=\"wp-block-heading\">B<\/h2>\n\n\n\n<p><a href=\"http:\/\/www.baeckerei-theurer.de\/\" target=\"_blank\" rel=\"noopener noreferrer\">B\u00e4ckerei Theurer<\/a><\/p>\n\n\n\n<p><a href=\"http:\/\/www.baeckerei-lanzet.de\/\" target=\"_blank\" rel=\"noopener noreferrer\">B\u00e4ckerei Lanzet<\/a><\/p>\n\n\n\n<p><\/p>\n\n\n\n<p><a href=\"http:\/\/www.saroba.de\/\" target=\"_blank\" rel=\"noopener noreferrer\">Bauunternehmen Saroba GmbH<\/a><\/p>\n\n\n\n<p><a href=\"https:\/\/www.rheinpfalz.de\/lokal\/ludwigshafen_artikel,-eine-oase-f%C3%BCr-die-menschen-der-stadt-diese-pl%C3%A4ne-hat-der-neue-betreiber-der-beach-bar-in-lu-_arid,5869792.html\" data-type=\"link\" data-id=\"https:\/\/www.rheinpfalz.de\/lokal\/ludwigshafen_artikel,-eine-oase-f%C3%BCr-die-menschen-der-stadt-diese-pl%C3%A4ne-hat-der-neue-betreiber-der-beach-bar-in-lu-_arid,5869792.html\">Beach Club Lu<\/a><\/p>\n\n\n\n<p><a href=\"http:\/\/www.bildhauerei-mueller.de\/\" data-type=\"link\" data-id=\"www.bildhauerei-mueller.de\/\" target=\"_blank\" rel=\"noreferrer noopener\">Bildhauerei M\u00fcller<\/a><\/p>\n\n\n\n<p><a href=\"http:\/\/www.bohnenberger-blumen.de\" target=\"_blank\" rel=\"noopener noreferrer\"><span class=\"xr_tl xr_s1\">Blumenhaus am Ebertpark<\/span><\/a><\/p>\n\n\n\n<p><a href=\"http:\/\/www.jesberger.de\" target=\"_blank\" rel=\"noopener noreferrer\">B\u00fcrodienstleistungen Jesberger-Wetzel<\/a><\/p>\n\n\n\n<h2 class=\"wp-block-heading\"><\/h2>\n\n\n\n<h2 class=\"wp-block-heading\">D<\/h2>\n\n\n\n<p><a href=\"http:\/\/www.dachbraun.de\" target=\"_blank\" rel=\"noopener noreferrer\">Dachdeckerei Braun GmbH<\/a><\/p>\n\n\n\n<p><a href=\"http:\/\/www.debeka.de\/cdn\/ansprechpartnersuche\/?url=https:%2F%2Fwww.debeka.de%2Fsvb%2Fludwigshafen_am_rhein%2Findex.html\" target=\"_blank\" rel=\"noreferrer noopener\">Debeka Versicherung &amp; Bausparkasse, Serviceb\u00fcro LU-Friesenheim, Phillipp Schunke<\/a><\/p>\n\n\n\n<p><\/p>\n\n\n\n<p><a href=\"https:\/\/branchenbuch.meinestadt.de\/ludwigshafen-am-rhein\/company\/7640618\" target=\"_blank\" rel=\"noreferrer noopener\">Drago Kujundzic-Misevic Fliesenlegerei<\/a><\/p>\n\n\n\n<p><a href=\"http:\/\/www.dogan-megacenter.de\/\" target=\"_blank\" rel=\"noopener noreferrer\">Dogan Mega Center<\/a><\/p>\n\n\n\n<p>Donhauser, Robert<\/p>\n\n\n\n<h2 class=\"wp-block-heading\"><\/h2>\n\n\n\n<h2 class=\"wp-block-heading\">F<\/h2>\n\n\n\n<p>Fecht, Egbert<\/p>\n\n\n\n<p><a href=\"http:\/\/www.kehl-gmbh.de\/\" target=\"_blank\" rel=\"noopener noreferrer\">Franz Kehl Betriebs-GmbH<\/a><\/p>\n\n\n\n<p><a href=\"http:\/\/www.lindenhof-aktuell.de\/category\/news-alle\/friesenheim\/\" target=\"_blank\" rel=\"noopener noreferrer\">Friesenheim Aktuell<\/a><\/p>\n\n\n\n<p><\/p>\n\n\n\n<p><a href=\"https:\/\/www.mayersrheintal.de\/\" target=\"_blank\" rel=\"noreferrer noopener\">Gastst\u00e4tte Mayer\u2019s Rheintal<\/a><\/p>\n\n\n\n<p><a href=\"https:\/\/pfaelzerwaldverein-oppau-edigheim.eatbu.com\/?lang=de\" target=\"_blank\" rel=\"noopener\">Gastst\u00e4tte Pf\u00e4lzerwald Verein H\u00fctte<\/a><\/p>\n\n\n\n<p><a href=\"https:\/\/gastro.builders\/\" data-type=\"link\" data-id=\"https:\/\/gastro.builders\/\" target=\"_blank\" rel=\"noreferrer noopener\">GastRo Consulting<\/a><\/p>\n\n\n\n<p><a href=\"http:\/\/gartenbahn.de\/\" target=\"_blank\" rel=\"noopener noreferrer\">GartenBahn &#8211;&nbsp;Das Magazin f\u00fcr Spur I &amp; <span class=\"SpellE\">IIm<\/span><\/a><\/p>\n\n\n\n<p><a href=\"http:\/\/www.gh-managementsupport.de\/\" target=\"_blank\" rel=\"noopener noreferrer\">Gerd Hilbert Management Support<\/a><\/p>\n\n\n\n<p>Greichgauer, Michael<\/p>\n\n\n\n<h2 class=\"wp-block-heading\">H<\/h2>\n\n\n\n<p>HAGEMA<\/p>\n\n\n\n<p>Hahn, Matthias<\/p>\n\n\n\n<p><a href=\"http:\/\/www.hajok.de\/\" target=\"_blank\" rel=\"noreferrer noopener\">Hajok Wasser + W\u00e4rme GmbH<\/a><\/p>\n\n\n\n<p><a href=\"http:\/\/www.hecom-shop.de\/\" target=\"_blank\" rel=\"noopener noreferrer\">Hecom Computer<\/a><\/p>\n\n\n\n<p><a href=\"https:\/\/heinrich-pesch-hotel.de\/\" target=\"_blank\" rel=\"noreferrer noopener\">Heinrich Pesch Hote<\/a><a href=\"https:\/\/heinrich-pesch-hotel.de\/\" data-type=\"link\" data-id=\"https:\/\/heinrich-pesch-hotel.de\/\">l<\/a><\/p>\n\n\n\n<p><a href=\"http:\/\/www.hirsch-elektro-gmbh.de\/\" target=\"_blank\" rel=\"noopener noreferrer\">Hirsch Elektro GmbH<\/a><\/p>\n\n\n\n<p><a href=\"https:\/\/www.homebox-lager.de\/selbstspeicher-vermietung\/self-storage-ludwigshafen-am-rhein\" target=\"_blank\" rel=\"noopener\">Homebox &#8211; Self-Storage Einrichtung<\/a><\/p>\n\n\n\n<p>Honigmanufaktur Siegfried ThomaI<\/p>\n\n\n\n<p><\/p>\n\n\n\n<h2 class=\"wp-block-heading\">K<\/h2>\n\n\n\n<p><a href=\"http:\/\/flughafentransfer-ludwigshafen.de\/\" target=\"_blank\" rel=\"noopener noreferrer\">KMG Shuttle Service<\/a><\/p>\n\n\n\n<p><a href=\"http:\/\/www.kosmetikstudio-ludwigshafen.de\/\" target=\"_blank\" rel=\"noopener noreferrer\">Kosmetikstudio Bird of Paradise<\/a><\/p>\n\n\n\n<p><a href=\"http:\/\/www.ksc-restaurant.de\" target=\"_blank\" rel=\"noreferrer noopener\">KSC Ristaurante Friesenheim<\/a><\/p>\n\n\n\n<p>Kulke, Ursula: B\u00fcro- + Abrechnungsservice \/\/ Kunstgewerbe<\/p>\n\n\n\n<p><a href=\"http:\/\/www.kuthan-immobilien.de\/\" target=\"_blank\" rel=\"noopener noreferrer\">Kuthan Immobilien<\/a><\/p>\n\n\n\n<h2 class=\"wp-block-heading\">L<\/h2>\n\n\n\n<p id=\"seo_h1_tag\"><a class=\"_64-f\" href=\"https:\/\/www.facebook.com\/Logop\u00e4dische-Praxis-Maria-Gabriele-Hillenbrand-759495817507098\/\" target=\"_blank\" rel=\"noopener noreferrer\">Logop\u00e4dische Praxis Maria Gabriele-Hillenbrand<\/a><\/p>\n\n\n\n<p>Lu`s Beach Club<\/p>\n\n\n\n<h2 class=\"wp-block-heading\">M<\/h2>\n\n\n\n<p><a href=\"http:\/\/maler-froehlich.de\/\" target=\"_blank\" rel=\"noopener noreferrer\">Maler Fr\u00f6hlich<\/a><\/p>\n\n\n\n<p><\/p>\n\n\n\n<p><a href=\"http:\/\/www.mayers-brauwerk.de\/\" target=\"_blank\" rel=\"noopener noreferrer\">Mayer\u00b4s Brauwerk<\/a><\/p>\n\n\n\n<p><a href=\"https:\/\/www.massatelier-blacona.de\" target=\"_blank\" rel=\"noopener noreferrer\">Massatelier Blacon\u00e0<\/a><\/p>\n\n\n\n<p><a href=\"http:\/\/www.fliesenleger.net\/ludwigshafen\/matthias-drese-fliesenlegerei-aULimw\" target=\"_blank\" rel=\"noopener noreferrer\">Matthias Drese Fliesenlegerei<\/a><\/p>\n\n\n\n<p><a href=\"http:\/\/www.metzgerei-wieland.com\/\" target=\"_blank\" rel=\"noopener noreferrer\">Metzgerei und Feinkost Wieland<\/a><\/p>\n\n\n\n<h2 class=\"wp-block-heading\">N<\/h2>\n\n\n\n<p><\/p>\n\n\n\n<p><a href=\"http:\/\/zahntechnik-nuber.de\/\" target=\"_blank\" rel=\"noreferrer noopener\">Nuber Zahntechnik<\/a><\/p>\n\n\n\n<h2 class=\"wp-block-heading\">O<\/h2>\n\n\n\n<p><a href=\"https:\/\/www.optikadam.de\/\" target=\"_blank\" rel=\"noopener noreferrer\">Optik Adam<\/a><\/p>\n\n\n\n<h2 class=\"wp-block-heading\">P<\/h2>\n\n\n\n<p><a href=\"http:\/\/www.parkapotheke-lu.de\/\" target=\"_blank\" rel=\"noopener noreferrer\">Park Apotheke<\/a><\/p>\n\n\n\n<p>Peter Fritzmann Eisenwaren<\/p>\n\n\n\n<p><a href=\"http:\/\/www.physio-wagner.de\/\" target=\"_blank\" rel=\"noopener noreferrer\">Physioteam Sabine Wagner<\/a><\/p>\n\n\n\n<p><\/p>\n\n\n\n<p><a href=\"https:\/\/www.pflegedienstregionalpro.de\/\" target=\"_blank\" rel=\"noreferrer noopener\">Pflegedienst REGIONAL pro GmbH<\/a><\/p>\n\n\n\n<h2 class=\"wp-block-heading\">R<\/h2>\n\n\n\n<p>Ralle, Dr. Thorsten<\/p>\n\n\n\n<p><a href=\"https:\/\/www.radsportfecht.de\/\" data-type=\"link\" data-id=\"https:\/\/www.radsportfecht.de\/\" target=\"_blank\" rel=\"noreferrer noopener\">Radsport Fecht Pirrera GmbH<\/a><\/p>\n\n\n\n<p><a href=\"http:\/\/www.rechtsanwalt-krings.de\/\" target=\"_blank\" rel=\"noopener noreferrer\">Rechtsanwalt Gilbert Krings<\/a><\/p>\n\n\n\n<p><a href=\"https:\/\/www.ra-vsz.de\/\" target=\"_blank\" rel=\"noopener\">VSZ Rechtsanw\u00e4lte Schabbeck und Partner mbB<\/a><\/p>\n\n\n\n<p><a href=\"http:\/\/www.kanzlei-zill.de\/\" target=\"_blank\" rel=\"noopener noreferrer\">Rechtsanwalt Sven M. Zill<\/a><\/p>\n\n\n\n<p><a href=\"https:\/\/www.brandschutzausbildung-rhein-neckar.de\/\" target=\"_blank\" rel=\"noopener\">R. H\u00fcbner Brandschutzausbildung<\/a><\/p>\n\n\n\n<p>Regner, Christa<\/p>\n\n\n\n<p>Rei\u00df, Gerhard<\/p>\n\n\n\n<p><a href=\"https:\/\/restaurant-clubhaus-lu.de\/\" data-type=\"link\" data-id=\"https:\/\/restaurant-clubhaus-lu.de\/\">Restaurant Clubhaus BASF TC<\/a><\/p>\n\n\n\n<p><a href=\"https:\/\/zurneuenpfalz.metro.rest\/\" target=\"_blank\" rel=\"noopener noreferrer\">Restaurant Zur Neuen Pfalz<\/a><\/p>\n\n\n\n<p><a href=\"https:\/\/www.rheinpfalz.de\/\" target=\"_blank\" rel=\"noopener noreferrer\">Rheinpfalz Verlag<\/a><\/p>\n\n\n\n<p><\/p>\n\n\n\n<h2 class=\"wp-block-heading\">S<\/h2>\n\n\n\n<p><a href=\"http:\/\/schreier-gmbh.de\/\">Schreier Maschinen- und Apparatebau GmbH<\/a><\/p>\n\n\n\n<p><a href=\"https:\/\/www.alarmanlagenbau.com\/alarmanlage-secura-alarm-und-raumschutzanlagen-vertriebs-gmbh-in-ludwigshafen-2126\" target=\"_blank\" rel=\"noreferrer noopener\">Secura Alarm- und Raumschutzanlagen GmbH<\/a><\/p>\n\n\n\n<p><a href=\"https:\/\/branchenbuch.meinestadt.de\/ludwigshafen-am-rhein\/company\/501486435\" target=\"_blank\" rel=\"noreferrer noopener\">Silke Bohlender Geb\u00e4udeservice<\/a><\/p>\n\n\n\n<p><\/p>\n\n\n\n<p><a href=\"https:\/\/www.sparkasse-vorderpfalz.de\" target=\"_blank\" rel=\"noopener noreferrer\">Sparkasse Vorderpfalz<\/a><\/p>\n\n\n\n<p><a href=\"http:\/\/www.sprenger-ludwigshafen.de\/\" target=\"_blank\" rel=\"noopener noreferrer\">Stefan Sprenger&nbsp; GmbH &#8211; Verputz und Trockenausbau<\/a><\/p>\n\n\n\n<p><a href=\"http:\/\/www.steinbauer-elektrotechnik.de\/\" target=\"_blank\" rel=\"noopener noreferrer\">Steinbauer Elektrotechnik GmbH<\/a><\/p>\n\n\n\n<p><a href=\"http:\/\/www.steuerberater-mauer.de\/\" target=\"_blank\" rel=\"noopener noreferrer\">Steuerberater Gerhard Mauer<\/a><\/p>\n\n\n\n<p><a href=\"http:\/\/www.stb-griesheimer.de\/\" target=\"_blank\" rel=\"noopener noreferrer\">Steuerberater Herbert Griesheimer<\/a><\/p>\n\n\n\n<p><a href=\"https:\/\/www.11880.com\/branchenbuch\/ludwigshafen-am-rhein\/081645047B26903063\/kohl-wolfgang-steuerberatung.html\" target=\"_blank\" rel=\"noopener noreferrer\">Wolfgang Kohl<\/a><\/p>\n\n\n\n<h2 class=\"wp-block-heading\">T<\/h2>\n\n\n\n<p><a href=\"http:\/\/www.thomas-grill-ludwigshafen.de\/\" target=\"_blank\" rel=\"noopener noreferrer\">Thomas Grill<\/a><\/p>\n\n\n\n<p><a href=\"http:\/\/www.die-eulen.de\/\" target=\"_blank\" rel=\"noopener noreferrer\">TSG &#8222;Die Eulen&#8220;<\/a><\/p>\n\n\n\n<h2 class=\"wp-block-heading\">V<\/h2>\n\n\n\n<p><a href=\"https:\/\/www.vrbank.de\/wir-fuer-sie\/filialen-ansprechpartner\/filialen\/uebersicht-filialen-lu\/Filiale-Ludwigshafen-Mitte.html\" target=\"_blank\" rel=\"noopener noreferrer\">VR Bank Rhein-Neckar eG<\/a><\/p>\n\n\n\n<h2 class=\"wp-block-heading\">W<\/h2>\n\n\n\n<p><a href=\"https:\/\/wsv-gaststaette.de\/\" target=\"_blank\" rel=\"noreferrer noopener\">WSV Gastst\u00e4tte<\/a><\/p>\n\n\n\n<h2 class=\"wp-block-heading\">Z<\/h2>\n\n\n\n<p><a href=\"http:\/\/www.dr-redl.de\/\" target=\"_blank\" rel=\"noopener noreferrer\">Zahnarztpraxis Dr. Gerhard Redl<\/a><\/p>\n\n\n\n<p><a href=\"http:\/\/www.zahnarzt-axmann.de\" data-type=\"link\" data-id=\"www.zahnarzt-axmann.de\">Zahnarztpraxis Dr. Susanne Axmann<\/a><\/p>\n\n\n\n<p><\/p>\n","protected":false},"excerpt":{"rendered":"<p>Alphabetisch nach Firma &nbsp; A A + F Haus Baubetreuungs GmbH Autohaus Ivancan GmbH Autohaus Koch GmbH Autohaus Koch GmbH B B\u00e4ckerei Theurer B\u00e4ckerei Lanzet Bauunternehmen Saroba GmbH Beach Club &#8230;<\/p>\n","protected":false},"author":1,"featured_media":0,"parent":0,"menu_order":0,"comment_status":"closed","ping_status":"closed","template":"","meta":{"footnotes":""},"class_list":["post-235","page","type-page","status-publish","hentry"],"_links":{"self":[{"href":"https:\/\/gewerbeverein-friesenheim.de\/index.php?rest_route=\/wp\/v2\/pages\/235","targetHints":{"allow":["GET"]}}],"collection":[{"href":"https:\/\/gewerbeverein-friesenheim.de\/index.php?rest_route=\/wp\/v2\/pages"}],"about":[{"href":"https:\/\/gewerbeverein-friesenheim.de\/index.php?rest_route=\/wp\/v2\/types\/page"}],"author":[{"embeddable":true,"href":"https:\/\/gewerbeverein-friesenheim.de\/index.php?rest_route=\/wp\/v2\/users\/1"}],"replies":[{"embeddable":true,"href":"https:\/\/gewerbeverein-friesenheim.de\/index.php?rest_route=%2Fwp%2Fv2%2Fcomments&post=235"}],"version-history":[{"count":211,"href":"https:\/\/gewerbeverein-friesenheim.de\/index.php?rest_route=\/wp\/v2\/pages\/235\/revisions"}],"predecessor-version":[{"id":1272,"href":"https:\/\/gewerbeverein-friesenheim.de\/index.php?rest_route=\/wp\/v2\/pages\/235\/revisions\/1272"}],"wp:attachment":[{"href":"https:\/\/gewerbeverein-friesenheim.de\/index.php?rest_route=%2Fwp%2Fv2%2Fmedia&parent=235"}],"curies":[{"name":"wp","href":"https:\/\/api.w.org\/{rel}","templated":true}]}}